{"id":1094,"date":"2025-02-13T15:37:21","date_gmt":"2025-02-13T14:37:21","guid":{"rendered":"https:\/\/energycare.fr\/index.php\/privacy-policy\/"},"modified":"2025-10-15T20:46:31","modified_gmt":"2025-10-15T18:46:31","slug":"privacy-policy","status":"publish","type":"page","link":"https:\/\/energycare.uk\/index.php\/privacy-policy\/","title":{"rendered":"Privacy Policy"},"content":{"rendered":"<p>[et_pb_section fb_built=&#8221;1&#8243; admin_label=&#8221;section&#8221; _builder_version=&#8221;4.16&#8243; global_colors_info=&#8221;{}&#8221;][et_pb_row admin_label=&#8221;row&#8221; _builder_version=&#8221;4.16&#8243; background_size=&#8221;initial&#8221; background_position=&#8221;top_left&#8221; background_repeat=&#8221;repeat&#8221; global_colors_info=&#8221;{}&#8221;][et_pb_column type=&#8221;4_4&#8243; _builder_version=&#8221;4.16&#8243; custom_padding=&#8221;|||&#8221; global_colors_info=&#8221;{}&#8221; custom_padding__hover=&#8221;|||&#8221;][et_pb_text admin_label=&#8221;Text&#8221; _builder_version=&#8221;4.27.4&#8243; background_size=&#8221;initial&#8221; background_position=&#8221;top_left&#8221; background_repeat=&#8221;repeat&#8221; global_colors_info=&#8221;{}&#8221;]<\/p>\n<p>\n\n<h2 class=\"wp-block-heading\"><b>Privacy Policy<\/b><\/h2>\n<p class=\"p2\">\n<\/p><p class=\"p2\">\n<\/p><h3><b>1.  <\/b><\/h3>\n<h3><b>Identification of the data controller<\/b><\/h3>\n<p class=\"p2\">\n<\/p><p class=\"p3\"><span class=\"s2\"><b>EnergyCare<\/b><\/span> (SASU au capital de 60 000 \u20ac), RCS Lyon 810 204 784, dont le si\u00e8ge social est situ\u00e9 ZAC de Clape Loup, 3 Rue des Marronniers, 69280 Sainte-Consorce (France) \u2013 contact : <span class=\"s2\"><b>contact@energycare.fr<\/b><\/span>.<\/p>\n<p class=\"p3\">Autres agences : Paris, Martinique, \u00cele-de-France, Hauts-de-France<span class=\"Apple-converted-space\">\u00a0 <\/span><span class=\"s3\"><\/span>.<\/p>\n<hr\/><h3><b>2.  <\/b><\/h3>\n<h3><b>Data collected<\/b><\/h3>\n<p class=\"p2\">\n<\/p><p class=\"p3\">Nous pouvons \u00eatre amen\u00e9s \u00e0 collecter les cat\u00e9gories de donn\u00e9es suivantes :<\/p>\n<ul><li>\n<p class=\"p1\"><span class=\"s1\"><b>Identifiants de contact<\/b><\/span> : nom, pr\u00e9nom, adresse e-mail, num\u00e9ro de t\u00e9l\u00e9phone, si vous nous contactez via le formulaire.<\/p>\n<\/li>\n<li>\n<p class=\"p1\"><span class=\"s1\"><b>Informations professionnelles<\/b><\/span> : si vous \u00eates prospect ou client (entreprise, secteur, besoin, etc.).<\/p>\n<\/li>\n<li>\n<p class=\"p1\"><span class=\"s1\"><b>Donn\u00e9es de navigation<\/b><\/span> : via des cookies analytiques (ex. Google Analytics), pour am\u00e9liorer le site (sous r\u00e9serve de consentement).<\/p>\n<\/li>\n<\/ul><hr\/><h3><b>3.  <\/b><\/h3>\n<h3><b>Purpose of processing<\/b><\/h3>\n<ul><li>\n<p class=\"p1\">G\u00e9rer vos demandes via les formulaires de contact.<\/p>\n<\/li>\n<li>\n<p class=\"p1\">Vous r\u00e9pondre efficacement (information, devis, suivi).<\/p>\n<\/li>\n<li>\n<p class=\"p1\">Envoyer des actualit\u00e9s, offres, ou newsletter si un consentement explicite est collect\u00e9.<\/p>\n<\/li>\n<li>\n<p class=\"p1\">Am\u00e9liorer l\u2019ergonomie et analyser l\u2019usage du site pour optimiser son contenu (avec consentement).<\/p>\n<\/li>\n<\/ul><hr\/><h3><b>4.  <\/b><\/h3>\n<h3><b>Legal basis<\/b><\/h3>\n<ul><li>\n<p class=\"p1\"><span class=\"s1\"><b>Ex\u00e9cution d\u2019une mission d\u2019int\u00e9r\u00eat public ou du contrat<\/b><\/span> : traitement n\u00e9cessaire pour r\u00e9pondre \u00e0 vos demandes.<\/p>\n<\/li>\n<li>\n<p class=\"p1\"><span class=\"s1\"><b>Consentement<\/b><\/span> : requis pour l\u2019envoi de communications marketing ou l\u2019analyse via cookies.<\/p>\n<\/li>\n<li>\n<p class=\"p1\"><span class=\"s1\"><b>Obligation l\u00e9gale<\/b><\/span> : conservation de certaines donn\u00e9es pour d\u00e9fendre les droits d\u2019EnergyCare, si n\u00e9cessaire.<\/p>\n<\/li>\n<\/ul><hr\/><h3><b>5.  <\/b><\/h3>\n<h3><b>Data retention period<\/b><\/h3>\n<ul><li>\n<p class=\"p1\">Donn\u00e9es de contact et professionnels : conserv\u00e9es pendant la dur\u00e9e n\u00e9cessaire \u00e0 la relation (ex. 3 ans apr\u00e8s dernier contact), sauf obligations l\u00e9gales contraires.<\/p>\n<\/li>\n<li>\n<p class=\"p1\">Donn\u00e9es de navigation (via cookies) : g\u00e9n\u00e9ralement jusqu\u2019\u00e0 13 mois (conform\u00e9ment aux recommandations CNIL), sauf demande contraire.<\/p>\n<\/li>\n<\/ul><hr\/><h3><b>6.  <\/b><\/h3>\n<h3><b>Data sharing<\/b><\/h3>\n<ul><li>\n<p class=\"p1\">Vous ne serez <span class=\"s1\"><b>pas transf\u00e9r\u00e9s \u00e0 des tiers<\/b><\/span> \u00e0 des fins commerciales sans votre consentement.<\/p>\n<\/li>\n<li>\n<p class=\"p1\">Des prestataires externes peuvent acc\u00e9der \u00e0 certaines donn\u00e9es (<i>h\u00e9bergement, analytics, outil de formulaire<\/i>), uniquement selon les besoins du service, et sous devoir de confidentialit\u00e9 (sous-traitants).<\/p>\n<\/li>\n<\/ul><hr\/><h3><b>7.  <\/b><\/h3>\n<h3><b>Your rights (in accordance with the GDPR)<\/b><\/h3>\n<p class=\"p2\">\n<\/p><p class=\"p3\">Vous disposez des droits suivants :<\/p>\n<ul><li>\n<p class=\"p1\"><span class=\"s1\"><b>Acc\u00e8s<\/b><\/span> \u00e0 vos donn\u00e9es personnelles.<\/p>\n<\/li>\n<li>\n<p class=\"p1\"><span class=\"s1\"><b>Rectification<\/b><\/span> si elles sont incompl\u00e8tes ou incorrectes.<\/p>\n<\/li>\n<li>\n<p class=\"p1\"><span class=\"s1\"><b>Effacement<\/b><\/span> (droit \u00e0 l\u2019oubli), dans les limites l\u00e9gales.<\/p>\n<\/li>\n<li>\n<p class=\"p1\"><span class=\"s1\"><b>Limitation<\/b><\/span> ou <span class=\"s1\"><b>opposition<\/b><\/span> aux traitements.<\/p>\n<\/li>\n<li>\n<p class=\"p1\"><span class=\"s1\"><b>Portabilit\u00e9<\/b><\/span>, dans un format structur\u00e9, si applicable.<\/p>\n<\/li>\n<li>\n<p class=\"p1\">Vous pouvez <span class=\"s1\"><b>retirer votre consentement<\/b><\/span> \u00e0 tout moment (notamment pour les cookies ou newsletters).<\/p>\n<p class=\"p1\">Exercez vos droits en contactant : <span class=\"s1\"><b>contact@energycare.fr<\/b><\/span>. R\u00e9ponse garantie sous 1 mois (sauf cas particuliers).<\/p>\n<\/li>\n<\/ul><hr\/><h3><b>8.  <\/b><\/h3>\n<h3><b>Cookies &amp; trackers<\/b><\/h3>\n<ul><li>\n<p class=\"p1\">Le site utilise <i>potentiellement<\/i> des cookies fonctionnels (n\u00e9cessaires au bon fonctionnement) et analytiques (pour optimiser le site).<\/p>\n<\/li>\n<li>\n<p class=\"p1\">\u00c0 terme, un bandeau\/goutil de gestion des cookies (cookie consent) sera mis en place pour vous permettre d\u2019accepter ou refuser les cookies non essentiels.<\/p>\n<\/li>\n<\/ul><hr\/><h3><b>9.  <\/b><\/h3>\n<h3><b>Data security<\/b><\/h3>\n<p class=\"p2\">\n<\/p><p class=\"p3\">Des mesures techniques et organisationnelles sont mises en place pour garantir la s\u00e9curit\u00e9 et la confidentialit\u00e9 de vos donn\u00e9es (acc\u00e8s restreint, h\u00e9bergement s\u00e9curis\u00e9, chiffrement, sauvegardes).<\/p>\n<hr\/><h3><b>10.  <\/b><\/h3>\n<h3><b>Update of this policy<\/b><\/h3>\n<p class=\"p2\">\n<\/p><p class=\"p3\">Cette politique peut \u00eatre modifi\u00e9e (nouvelles fonctionnalit\u00e9s, \u00e9volution l\u00e9gale, etc.). La date de la derni\u00e8re mise \u00e0 jour sera indiqu\u00e9e en t\u00eate (ex. <span class=\"s2\"><b>Derni\u00e8re mise \u00e0 jour : 8 septembre 2025<\/b><\/span>).<\/p>\n<p><\/p><\/p>\n<p>[\/et_pb_text][\/et_pb_column][\/et_pb_row][\/et_pb_section]<\/p>\n","protected":false},"excerpt":{"rendered":"<p>Privacy Policy 1. Identification of the data controller EnergyCare (SASU au capital de 60 000 \u20ac), RCS Lyon 810 204 784, dont le si\u00e8ge social est situ\u00e9 ZAC de Clape Loup, 3 Rue des Marronniers, 69280 Sainte-Consorce (France) \u2013 contact : contact@energycare.fr. Autres agences : Paris, Martinique, \u00cele-de-France, Hauts-de-France\u00a0 . 2. Data collected Nous pouvons \u00eatre amen\u00e9s \u00e0 collecter les cat\u00e9gories de donn\u00e9es suivantes : Identifiants de contact : nom, pr\u00e9nom, adresse e-mail, num\u00e9ro de t\u00e9l\u00e9phone, si vous nous contactez via le formulaire. Informations professionnelles : si vous \u00eates prospect ou client (entreprise, secteur, besoin, etc.). Donn\u00e9es de navigation : via des cookies analytiques (ex. Google Analytics), pour am\u00e9liorer le site (sous r\u00e9serve de consentement). 3. Purpose of processing G\u00e9rer vos demandes via les formulaires de contact. Vous r\u00e9pondre efficacement (information, devis, suivi). Envoyer des actualit\u00e9s, offres, ou newsletter si un consentement explicite est collect\u00e9. Am\u00e9liorer l\u2019ergonomie et analyser l\u2019usage du site pour optimiser son contenu (avec consentement). 4. Legal basis Ex\u00e9cution d\u2019une mission d\u2019int\u00e9r\u00eat public ou du contrat : traitement n\u00e9cessaire pour r\u00e9pondre \u00e0 vos demandes. Consentement : requis pour l\u2019envoi de communications marketing ou l\u2019analyse via cookies. Obligation l\u00e9gale : conservation de certaines donn\u00e9es pour d\u00e9fendre les droits [&hellip;]<\/p>\n","protected":false},"author":1,"featured_media":0,"parent":0,"menu_order":0,"comment_status":"closed","ping_status":"open","template":"","meta":{"_et_pb_use_builder":"on","_et_pb_old_content":"","_et_gb_content_width":"","footnotes":""},"class_list":["post-1094","page","type-page","status-publish","hentry"],"yoast_head":"<!-- This site is optimized with the Yoast SEO plugin v27.4 - https:\/\/yoast.com\/product\/yoast-seo-wordpress\/ -->\n<title>Privacy Policy - EnergyCare<\/title>\n<meta name=\"robots\" content=\"index, follow, max-snippet:-1, max-image-preview:large, max-video-preview:-1\" \/>\n<link rel=\"canonical\" href=\"https:\/\/energycare.uk\/index.php\/privacy-policy\/\" \/>\n<meta property=\"og:locale\" content=\"en_US\" \/>\n<meta property=\"og:type\" content=\"article\" \/>\n<meta property=\"og:title\" content=\"Privacy Policy - EnergyCare\" \/>\n<meta property=\"og:description\" content=\"Privacy Policy 1. Identification of the data controller EnergyCare (SASU au capital de 60 000 \u20ac), RCS Lyon 810 204 784, dont le si\u00e8ge social est situ\u00e9 ZAC de Clape Loup, 3 Rue des Marronniers, 69280 Sainte-Consorce (France) \u2013 contact : contact@energycare.fr. Autres agences : Paris, Martinique, \u00cele-de-France, Hauts-de-France\u00a0 . 2. Data collected Nous pouvons \u00eatre amen\u00e9s \u00e0 collecter les cat\u00e9gories de donn\u00e9es suivantes : Identifiants de contact : nom, pr\u00e9nom, adresse e-mail, num\u00e9ro de t\u00e9l\u00e9phone, si vous nous contactez via le formulaire. Informations professionnelles : si vous \u00eates prospect ou client (entreprise, secteur, besoin, etc.). Donn\u00e9es de navigation : via des cookies analytiques (ex. Google Analytics), pour am\u00e9liorer le site (sous r\u00e9serve de consentement). 3. Purpose of processing G\u00e9rer vos demandes via les formulaires de contact. Vous r\u00e9pondre efficacement (information, devis, suivi). Envoyer des actualit\u00e9s, offres, ou newsletter si un consentement explicite est collect\u00e9. Am\u00e9liorer l\u2019ergonomie et analyser l\u2019usage du site pour optimiser son contenu (avec consentement). 4. Legal basis Ex\u00e9cution d\u2019une mission d\u2019int\u00e9r\u00eat public ou du contrat : traitement n\u00e9cessaire pour r\u00e9pondre \u00e0 vos demandes. Consentement : requis pour l\u2019envoi de communications marketing ou l\u2019analyse via cookies. Obligation l\u00e9gale : conservation de certaines donn\u00e9es pour d\u00e9fendre les droits [&hellip;]\" \/>\n<meta property=\"og:url\" content=\"https:\/\/energycare.uk\/index.php\/privacy-policy\/\" \/>\n<meta property=\"og:site_name\" content=\"EnergyCare\" \/>\n<meta property=\"article:modified_time\" content=\"2025-10-15T18:46:31+00:00\" \/>\n<meta name=\"twitter:card\" content=\"summary_large_image\" \/>\n<meta name=\"twitter:label1\" content=\"Est. reading time\" \/>\n\t<meta name=\"twitter:data1\" content=\"3 minutes\" \/>\n<script type=\"application\/ld+json\" class=\"yoast-schema-graph\">{\"@context\":\"https:\\\/\\\/schema.org\",\"@graph\":[{\"@type\":\"WebPage\",\"@id\":\"https:\\\/\\\/energycare.uk\\\/index.php\\\/privacy-policy\\\/\",\"url\":\"https:\\\/\\\/energycare.uk\\\/index.php\\\/privacy-policy\\\/\",\"name\":\"Privacy Policy - EnergyCare\",\"isPartOf\":{\"@id\":\"https:\\\/\\\/energycare.uk\\\/#website\"},\"datePublished\":\"2025-02-13T14:37:21+00:00\",\"dateModified\":\"2025-10-15T18:46:31+00:00\",\"breadcrumb\":{\"@id\":\"https:\\\/\\\/energycare.uk\\\/index.php\\\/privacy-policy\\\/#breadcrumb\"},\"inLanguage\":\"en-US\",\"potentialAction\":[{\"@type\":\"ReadAction\",\"target\":[\"https:\\\/\\\/energycare.uk\\\/index.php\\\/privacy-policy\\\/\"]}]},{\"@type\":\"BreadcrumbList\",\"@id\":\"https:\\\/\\\/energycare.uk\\\/index.php\\\/privacy-policy\\\/#breadcrumb\",\"itemListElement\":[{\"@type\":\"ListItem\",\"position\":1,\"name\":\"Home\",\"item\":\"https:\\\/\\\/energycare.uk\\\/\"},{\"@type\":\"ListItem\",\"position\":2,\"name\":\"Privacy Policy\"}]},{\"@type\":\"WebSite\",\"@id\":\"https:\\\/\\\/energycare.uk\\\/#website\",\"url\":\"https:\\\/\\\/energycare.uk\\\/\",\"name\":\"EnergyCare\",\"description\":\"Condensez la performance, rel\u00e2cher la pression.\",\"potentialAction\":[{\"@type\":\"SearchAction\",\"target\":{\"@type\":\"EntryPoint\",\"urlTemplate\":\"https:\\\/\\\/energycare.uk\\\/?s={search_term_string}\"},\"query-input\":{\"@type\":\"PropertyValueSpecification\",\"valueRequired\":true,\"valueName\":\"search_term_string\"}}],\"inLanguage\":\"en-US\"}]}<\/script>\n<!-- \/ Yoast SEO plugin. -->","yoast_head_json":{"title":"Privacy Policy - EnergyCare","robots":{"index":"index","follow":"follow","max-snippet":"max-snippet:-1","max-image-preview":"max-image-preview:large","max-video-preview":"max-video-preview:-1"},"canonical":"https:\/\/energycare.uk\/index.php\/privacy-policy\/","og_locale":"en_US","og_type":"article","og_title":"Privacy Policy - EnergyCare","og_description":"Privacy Policy 1. Identification of the data controller EnergyCare (SASU au capital de 60 000 \u20ac), RCS Lyon 810 204 784, dont le si\u00e8ge social est situ\u00e9 ZAC de Clape Loup, 3 Rue des Marronniers, 69280 Sainte-Consorce (France) \u2013 contact : contact@energycare.fr. Autres agences : Paris, Martinique, \u00cele-de-France, Hauts-de-France\u00a0 . 2. Data collected Nous pouvons \u00eatre amen\u00e9s \u00e0 collecter les cat\u00e9gories de donn\u00e9es suivantes : Identifiants de contact : nom, pr\u00e9nom, adresse e-mail, num\u00e9ro de t\u00e9l\u00e9phone, si vous nous contactez via le formulaire. Informations professionnelles : si vous \u00eates prospect ou client (entreprise, secteur, besoin, etc.). Donn\u00e9es de navigation : via des cookies analytiques (ex. Google Analytics), pour am\u00e9liorer le site (sous r\u00e9serve de consentement). 3. Purpose of processing G\u00e9rer vos demandes via les formulaires de contact. Vous r\u00e9pondre efficacement (information, devis, suivi). Envoyer des actualit\u00e9s, offres, ou newsletter si un consentement explicite est collect\u00e9. Am\u00e9liorer l\u2019ergonomie et analyser l\u2019usage du site pour optimiser son contenu (avec consentement). 4. Legal basis Ex\u00e9cution d\u2019une mission d\u2019int\u00e9r\u00eat public ou du contrat : traitement n\u00e9cessaire pour r\u00e9pondre \u00e0 vos demandes. Consentement : requis pour l\u2019envoi de communications marketing ou l\u2019analyse via cookies. Obligation l\u00e9gale : conservation de certaines donn\u00e9es pour d\u00e9fendre les droits [&hellip;]","og_url":"https:\/\/energycare.uk\/index.php\/privacy-policy\/","og_site_name":"EnergyCare","article_modified_time":"2025-10-15T18:46:31+00:00","twitter_card":"summary_large_image","twitter_misc":{"Est. reading time":"3 minutes"},"schema":{"@context":"https:\/\/schema.org","@graph":[{"@type":"WebPage","@id":"https:\/\/energycare.uk\/index.php\/privacy-policy\/","url":"https:\/\/energycare.uk\/index.php\/privacy-policy\/","name":"Privacy Policy - EnergyCare","isPartOf":{"@id":"https:\/\/energycare.uk\/#website"},"datePublished":"2025-02-13T14:37:21+00:00","dateModified":"2025-10-15T18:46:31+00:00","breadcrumb":{"@id":"https:\/\/energycare.uk\/index.php\/privacy-policy\/#breadcrumb"},"inLanguage":"en-US","potentialAction":[{"@type":"ReadAction","target":["https:\/\/energycare.uk\/index.php\/privacy-policy\/"]}]},{"@type":"BreadcrumbList","@id":"https:\/\/energycare.uk\/index.php\/privacy-policy\/#breadcrumb","itemListElement":[{"@type":"ListItem","position":1,"name":"Home","item":"https:\/\/energycare.uk\/"},{"@type":"ListItem","position":2,"name":"Privacy Policy"}]},{"@type":"WebSite","@id":"https:\/\/energycare.uk\/#website","url":"https:\/\/energycare.uk\/","name":"EnergyCare","description":"Condensez la performance, rel\u00e2cher la pression.","potentialAction":[{"@type":"SearchAction","target":{"@type":"EntryPoint","urlTemplate":"https:\/\/energycare.uk\/?s={search_term_string}"},"query-input":{"@type":"PropertyValueSpecification","valueRequired":true,"valueName":"search_term_string"}}],"inLanguage":"en-US"}]}},"_links":{"self":[{"href":"https:\/\/energycare.uk\/index.php\/wp-json\/wp\/v2\/pages\/1094","targetHints":{"allow":["GET"]}}],"collection":[{"href":"https:\/\/energycare.uk\/index.php\/wp-json\/wp\/v2\/pages"}],"about":[{"href":"https:\/\/energycare.uk\/index.php\/wp-json\/wp\/v2\/types\/page"}],"author":[{"embeddable":true,"href":"https:\/\/energycare.uk\/index.php\/wp-json\/wp\/v2\/users\/1"}],"replies":[{"embeddable":true,"href":"https:\/\/energycare.uk\/index.php\/wp-json\/wp\/v2\/comments?post=1094"}],"version-history":[{"count":1,"href":"https:\/\/energycare.uk\/index.php\/wp-json\/wp\/v2\/pages\/1094\/revisions"}],"predecessor-version":[{"id":1095,"href":"https:\/\/energycare.uk\/index.php\/wp-json\/wp\/v2\/pages\/1094\/revisions\/1095"}],"wp:attachment":[{"href":"https:\/\/energycare.uk\/index.php\/wp-json\/wp\/v2\/media?parent=1094"}],"curies":[{"name":"wp","href":"https:\/\/api.w.org\/{rel}","templated":true}]}}