{"id":1085,"date":"2025-07-29T11:41:58","date_gmt":"2025-07-29T09:41:58","guid":{"rendered":"https:\/\/energycare.fr\/index.php\/constact-us\/"},"modified":"2025-10-15T20:21:13","modified_gmt":"2025-10-15T18:21:13","slug":"constact-us","status":"publish","type":"page","link":"https:\/\/energycare.uk\/index.php\/constact-us\/","title":{"rendered":"Constact Us"},"content":{"rendered":"\n[et_pb_section fb_built=&#8221;1&#8243; _builder_version=&#8221;4.27.4&#8243; _module_preset=&#8221;default&#8221; background_image=&#8221;https:\/\/energycare.fr\/wp-content\/uploads\/2025\/05\/EC-NHPC-HD0110-1-scaled.jpg&#8221; global_colors_info=&#8221;{}&#8221;][et_pb_row _builder_version=&#8221;4.27.4&#8243; _module_preset=&#8221;default&#8221; custom_margin=&#8221;50px||||false|false&#8221; global_colors_info=&#8221;{}&#8221;][et_pb_column type=&#8221;4_4&#8243; _builder_version=&#8221;4.27.4&#8243; _module_preset=&#8221;default&#8221; global_colors_info=&#8221;{}&#8221;][et_pb_text _builder_version=&#8221;4.27.4&#8243; _module_preset=&#8221;default&#8221; header_text_color=&#8221;#FFFFFF&#8221; header_font_size=&#8221;75px&#8221; global_colors_info=&#8221;{}&#8221;]<h1>Contact us<\/h1>[\/et_pb_text][\/et_pb_column][\/et_pb_row][et_pb_row _builder_version=&#8221;4.27.4&#8243; _module_preset=&#8221;default&#8221; background_color=&#8221;rgba(39,80,155,0.72)&#8221; module_alignment=&#8221;center&#8221; border_radii=&#8221;on|16px|16px|16px|16px&#8221; global_colors_info=&#8221;{}&#8221;][et_pb_column type=&#8221;4_4&#8243; _builder_version=&#8221;4.27.4&#8243; _module_preset=&#8221;default&#8221; global_colors_info=&#8221;{}&#8221;][et_pb_contact_form captcha=&#8221;off&#8221; email=&#8221;contact@energycare&#8221; custom_message=&#8221;Nom du client : %%Nom%%||et_pb_line_break_holder||Pr\u00e9nom du client : %%Prenom%%||et_pb_line_break_holder||Soci\u00e9t\u00e9 : %%Societe%%||et_pb_line_break_holder||T\u00e9l : %%Telephone%%||et_pb_line_break_holder||Email : %%email%%||et_pb_line_break_holder||Prestation : %%prestation%%||et_pb_line_break_holder||Type d&apos;\u00e9quipement : %%type%%||et_pb_line_break_holder||R\u00e9f \u00e9quipement : %%reference%%||et_pb_line_break_holder||Num\u00e9ro de s\u00e9rie de l&apos;\u00e9quipement : %%sn%%||et_pb_line_break_holder||Autre : %%Autre%%||et_pb_line_break_holder||Message : %%message%%&#8221; success_message=&#8221;Your request has been successfully sent!&#8221; submit_button_text=&#8221;Send&#8221; _builder_version=&#8221;4.27.4&#8243; _module_preset=&#8221;default&#8221; _unique_id=&#8221;e52ffbe1-2fdf-4bd7-ba2c-534f298d4199&#8243; form_field_background_color=&#8221;#FFFFFF&#8221; form_field_text_color=&#8221;#232323&#8243; form_field_focus_background_color=&#8221;#FFFFFF&#8221; background_enable_color=&#8221;off&#8221; custom_button=&#8221;on&#8221; button_text_color=&#8221;#FFFFFF&#8221; button_bg_color=&#8221;#FDAE00&#8243; button_border_width=&#8221;0px&#8221; button_border_radius=&#8221;10px&#8221; custom_padding=&#8221;28px|28px|28px|28px|true|true&#8221; hover_enabled=&#8221;0&#8243; custom_css_free_form=&#8221;.et-pb-contact-message {||  color: white;||  font-size: 20px;||}&#8221; border_radii=&#8221;off||24px||24px&#8221; global_colors_info=&#8221;{}&#8221; sticky_enabled=&#8221;0&#8243;][et_pb_contact_field field_id=&#8221;Nom&#8221; field_title=&#8221;Name*&#8221; _builder_version=&#8221;4.27.4&#8243; global_colors_info=&#8221;{}&#8221; button_text_size__hover_enabled=&#8221;off&#8221; button_one_text_size__hover_enabled=&#8221;off&#8221; button_two_text_size__hover_enabled=&#8221;off&#8221; button_text_color__hover_enabled=&#8221;off&#8221; button_one_text_color__hover_enabled=&#8221;off&#8221; button_two_text_color__hover_enabled=&#8221;off&#8221; button_border_width__hover_enabled=&#8221;off&#8221; button_one_border_width__hover_enabled=&#8221;off&#8221; button_two_border_width__hover_enabled=&#8221;off&#8221; button_border_color__hover_enabled=&#8221;off&#8221; button_one_border_color__hover_enabled=&#8221;off&#8221; button_two_border_color__hover_enabled=&#8221;off&#8221; button_border_radius__hover_enabled=&#8221;off&#8221; button_one_border_radius__hover_enabled=&#8221;off&#8221; button_two_border_radius__hover_enabled=&#8221;off&#8221; button_letter_spacing__hover_enabled=&#8221;off&#8221; button_one_letter_spacing__hover_enabled=&#8221;off&#8221; button_two_letter_spacing__hover_enabled=&#8221;off&#8221; button_bg_color__hover_enabled=&#8221;off&#8221; button_one_bg_color__hover_enabled=&#8221;off&#8221; button_two_bg_color__hover_enabled=&#8221;off&#8221;][\/et_pb_contact_field][et_pb_contact_field field_id=&#8221;Prenom&#8221; field_title=&#8221;First name*&#8221; _builder_version=&#8221;4.27.4&#8243; global_colors_info=&#8221;{}&#8221; button_text_size__hover_enabled=&#8221;off&#8221; button_one_text_size__hover_enabled=&#8221;off&#8221; button_two_text_size__hover_enabled=&#8221;off&#8221; button_text_color__hover_enabled=&#8221;off&#8221; button_one_text_color__hover_enabled=&#8221;off&#8221; button_two_text_color__hover_enabled=&#8221;off&#8221; button_border_width__hover_enabled=&#8221;off&#8221; button_one_border_width__hover_enabled=&#8221;off&#8221; button_two_border_width__hover_enabled=&#8221;off&#8221; button_border_color__hover_enabled=&#8221;off&#8221; button_one_border_color__hover_enabled=&#8221;off&#8221; button_two_border_color__hover_enabled=&#8221;off&#8221; button_border_radius__hover_enabled=&#8221;off&#8221; button_one_border_radius__hover_enabled=&#8221;off&#8221; button_two_border_radius__hover_enabled=&#8221;off&#8221; button_letter_spacing__hover_enabled=&#8221;off&#8221; button_one_letter_spacing__hover_enabled=&#8221;off&#8221; button_two_letter_spacing__hover_enabled=&#8221;off&#8221; button_bg_color__hover_enabled=&#8221;off&#8221; button_one_bg_color__hover_enabled=&#8221;off&#8221; button_two_bg_color__hover_enabled=&#8221;off&#8221;][\/et_pb_contact_field][et_pb_contact_field field_id=&#8221;Societe&#8221; field_title=&#8221;Company*&#8221; fullwidth_field=&#8221;on&#8221; _builder_version=&#8221;4.27.4&#8243; global_colors_info=&#8221;{}&#8221; button_text_size__hover_enabled=&#8221;off&#8221; button_one_text_size__hover_enabled=&#8221;off&#8221; button_two_text_size__hover_enabled=&#8221;off&#8221; button_text_color__hover_enabled=&#8221;off&#8221; button_one_text_color__hover_enabled=&#8221;off&#8221; button_two_text_color__hover_enabled=&#8221;off&#8221; button_border_width__hover_enabled=&#8221;off&#8221; button_one_border_width__hover_enabled=&#8221;off&#8221; button_two_border_width__hover_enabled=&#8221;off&#8221; button_border_color__hover_enabled=&#8221;off&#8221; button_one_border_color__hover_enabled=&#8221;off&#8221; button_two_border_color__hover_enabled=&#8221;off&#8221; button_border_radius__hover_enabled=&#8221;off&#8221; button_one_border_radius__hover_enabled=&#8221;off&#8221; button_two_border_radius__hover_enabled=&#8221;off&#8221; button_letter_spacing__hover_enabled=&#8221;off&#8221; button_one_letter_spacing__hover_enabled=&#8221;off&#8221; button_two_letter_spacing__hover_enabled=&#8221;off&#8221; button_bg_color__hover_enabled=&#8221;off&#8221; button_one_bg_color__hover_enabled=&#8221;off&#8221; button_two_bg_color__hover_enabled=&#8221;off&#8221;][\/et_pb_contact_field][et_pb_contact_field field_id=&#8221;Telephone&#8221; field_title=&#8221;Phone*&#8221; required_mark=&#8221;off&#8221; fullwidth_field=&#8221;on&#8221; _builder_version=&#8221;4.27.4&#8243; _module_preset=&#8221;default&#8221; global_colors_info=&#8221;{}&#8221;][\/et_pb_contact_field][et_pb_contact_field field_id=&#8221;email&#8221; field_title=&#8221;Email*&#8221; field_type=&#8221;email&#8221; fullwidth_field=&#8221;on&#8221; _builder_version=&#8221;4.27.4&#8243; _module_preset=&#8221;default&#8221; global_colors_info=&#8221;{}&#8221;][\/et_pb_contact_field][et_pb_contact_field field_id=&#8221;prestation&#8221; field_title=&#8221;Requested service&#8221; fullwidth_field=&#8221;on&#8221; _builder_version=&#8221;4.27.4&#8243; _module_preset=&#8221;default&#8221; global_colors_info=&#8221;{}&#8221;][\/et_pb_contact_field][et_pb_contact_field field_id=&#8221;type&#8221; field_title=&#8221;Type of equipment&#8221; fullwidth_field=&#8221;on&#8221; _builder_version=&#8221;4.27.4&#8243; _module_preset=&#8221;default&#8221; global_colors_info=&#8221;{}&#8221;][\/et_pb_contact_field][et_pb_contact_field field_id=&#8221;reference&#8221; field_title=&#8221;Equipment reference&#8221; fullwidth_field=&#8221;on&#8221; _builder_version=&#8221;4.27.4&#8243; _module_preset=&#8221;default&#8221; global_colors_info=&#8221;{}&#8221;][\/et_pb_contact_field][et_pb_contact_field field_id=&#8221;sn&#8221; field_title=&#8221;Equipment serial number&#8221; fullwidth_field=&#8221;on&#8221; _builder_version=&#8221;4.27.4&#8243; _module_preset=&#8221;default&#8221; global_colors_info=&#8221;{}&#8221;][\/et_pb_contact_field][et_pb_contact_field field_id=&#8221;Autre&#8221; field_title=&#8221;Other&#8221; fullwidth_field=&#8221;on&#8221; _builder_version=&#8221;4.27.4&#8243; _module_preset=&#8221;default&#8221; global_colors_info=&#8221;{}&#8221;][\/et_pb_contact_field][et_pb_contact_field field_id=&#8221;message&#8221; field_title=&#8221;Message&#8221; field_type=&#8221;text&#8221; fullwidth_field=&#8221;on&#8221; _builder_version=&#8221;4.27.4&#8243; _module_preset=&#8221;default&#8221; global_colors_info=&#8221;{}&#8221;][\/et_pb_contact_field][\/et_pb_contact_form][\/et_pb_column][\/et_pb_row][\/et_pb_section]\n","protected":false},"excerpt":{"rendered":"<p>Contact us<\/p>\n","protected":false},"author":1,"featured_media":0,"parent":0,"menu_order":0,"comment_status":"closed","ping_status":"closed","template":"","meta":{"_et_pb_use_builder":"on","_et_pb_old_content":"","_et_gb_content_width":"","footnotes":""},"class_list":["post-1085","page","type-page","status-publish","hentry"],"yoast_head":"<!-- This site is optimized with the Yoast SEO plugin v27.4 - https:\/\/yoast.com\/product\/yoast-seo-wordpress\/ -->\n<title>Constact Us - EnergyCare<\/title>\n<meta name=\"description\" content=\"A project ? A request ? Contact us directly via our online form!\" \/>\n<meta name=\"robots\" content=\"index, follow, max-snippet:-1, max-image-preview:large, max-video-preview:-1\" \/>\n<link rel=\"canonical\" href=\"https:\/\/energycare.uk\/index.php\/constact-us\/\" \/>\n<meta property=\"og:locale\" content=\"en_US\" \/>\n<meta property=\"og:type\" content=\"article\" \/>\n<meta property=\"og:title\" content=\"Constact Us - EnergyCare\" \/>\n<meta property=\"og:description\" content=\"A project ? A request ? Contact us directly via our online form!\" \/>\n<meta property=\"og:url\" content=\"https:\/\/energycare.uk\/index.php\/constact-us\/\" \/>\n<meta property=\"og:site_name\" content=\"EnergyCare\" \/>\n<meta property=\"article:modified_time\" content=\"2025-10-15T18:21:13+00:00\" \/>\n<meta name=\"twitter:card\" content=\"summary_large_image\" \/>\n<meta name=\"twitter:label1\" content=\"Est. reading time\" \/>\n\t<meta name=\"twitter:data1\" content=\"5 minutes\" \/>\n<script type=\"application\/ld+json\" class=\"yoast-schema-graph\">{\"@context\":\"https:\\\/\\\/schema.org\",\"@graph\":[{\"@type\":\"WebPage\",\"@id\":\"https:\\\/\\\/energycare.uk\\\/index.php\\\/constact-us\\\/\",\"url\":\"https:\\\/\\\/energycare.uk\\\/index.php\\\/constact-us\\\/\",\"name\":\"Constact Us - EnergyCare\",\"isPartOf\":{\"@id\":\"https:\\\/\\\/energycare.uk\\\/#website\"},\"datePublished\":\"2025-07-29T09:41:58+00:00\",\"dateModified\":\"2025-10-15T18:21:13+00:00\",\"description\":\"A project ? A request ? Contact us directly via our online form!\",\"breadcrumb\":{\"@id\":\"https:\\\/\\\/energycare.uk\\\/index.php\\\/constact-us\\\/#breadcrumb\"},\"inLanguage\":\"en-US\",\"potentialAction\":[{\"@type\":\"ReadAction\",\"target\":[\"https:\\\/\\\/energycare.uk\\\/index.php\\\/constact-us\\\/\"]}]},{\"@type\":\"BreadcrumbList\",\"@id\":\"https:\\\/\\\/energycare.uk\\\/index.php\\\/constact-us\\\/#breadcrumb\",\"itemListElement\":[{\"@type\":\"ListItem\",\"position\":1,\"name\":\"Home\",\"item\":\"https:\\\/\\\/energycare.uk\\\/\"},{\"@type\":\"ListItem\",\"position\":2,\"name\":\"Constact Us\"}]},{\"@type\":\"WebSite\",\"@id\":\"https:\\\/\\\/energycare.uk\\\/#website\",\"url\":\"https:\\\/\\\/energycare.uk\\\/\",\"name\":\"EnergyCare\",\"description\":\"Condensez la performance, rel\u00e2cher la pression.\",\"potentialAction\":[{\"@type\":\"SearchAction\",\"target\":{\"@type\":\"EntryPoint\",\"urlTemplate\":\"https:\\\/\\\/energycare.uk\\\/?s={search_term_string}\"},\"query-input\":{\"@type\":\"PropertyValueSpecification\",\"valueRequired\":true,\"valueName\":\"search_term_string\"}}],\"inLanguage\":\"en-US\"}]}<\/script>\n<!-- \/ Yoast SEO plugin. -->","yoast_head_json":{"title":"Constact Us - EnergyCare","description":"A project ? A request ? Contact us directly via our online form!","robots":{"index":"index","follow":"follow","max-snippet":"max-snippet:-1","max-image-preview":"max-image-preview:large","max-video-preview":"max-video-preview:-1"},"canonical":"https:\/\/energycare.uk\/index.php\/constact-us\/","og_locale":"en_US","og_type":"article","og_title":"Constact Us - EnergyCare","og_description":"A project ? A request ? Contact us directly via our online form!","og_url":"https:\/\/energycare.uk\/index.php\/constact-us\/","og_site_name":"EnergyCare","article_modified_time":"2025-10-15T18:21:13+00:00","twitter_card":"summary_large_image","twitter_misc":{"Est. reading time":"5 minutes"},"schema":{"@context":"https:\/\/schema.org","@graph":[{"@type":"WebPage","@id":"https:\/\/energycare.uk\/index.php\/constact-us\/","url":"https:\/\/energycare.uk\/index.php\/constact-us\/","name":"Constact Us - EnergyCare","isPartOf":{"@id":"https:\/\/energycare.uk\/#website"},"datePublished":"2025-07-29T09:41:58+00:00","dateModified":"2025-10-15T18:21:13+00:00","description":"A project ? A request ? Contact us directly via our online form!","breadcrumb":{"@id":"https:\/\/energycare.uk\/index.php\/constact-us\/#breadcrumb"},"inLanguage":"en-US","potentialAction":[{"@type":"ReadAction","target":["https:\/\/energycare.uk\/index.php\/constact-us\/"]}]},{"@type":"BreadcrumbList","@id":"https:\/\/energycare.uk\/index.php\/constact-us\/#breadcrumb","itemListElement":[{"@type":"ListItem","position":1,"name":"Home","item":"https:\/\/energycare.uk\/"},{"@type":"ListItem","position":2,"name":"Constact Us"}]},{"@type":"WebSite","@id":"https:\/\/energycare.uk\/#website","url":"https:\/\/energycare.uk\/","name":"EnergyCare","description":"Condensez la performance, rel\u00e2cher la pression.","potentialAction":[{"@type":"SearchAction","target":{"@type":"EntryPoint","urlTemplate":"https:\/\/energycare.uk\/?s={search_term_string}"},"query-input":{"@type":"PropertyValueSpecification","valueRequired":true,"valueName":"search_term_string"}}],"inLanguage":"en-US"}]}},"_links":{"self":[{"href":"https:\/\/energycare.uk\/index.php\/wp-json\/wp\/v2\/pages\/1085","targetHints":{"allow":["GET"]}}],"collection":[{"href":"https:\/\/energycare.uk\/index.php\/wp-json\/wp\/v2\/pages"}],"about":[{"href":"https:\/\/energycare.uk\/index.php\/wp-json\/wp\/v2\/types\/page"}],"author":[{"embeddable":true,"href":"https:\/\/energycare.uk\/index.php\/wp-json\/wp\/v2\/users\/1"}],"replies":[{"embeddable":true,"href":"https:\/\/energycare.uk\/index.php\/wp-json\/wp\/v2\/comments?post=1085"}],"version-history":[{"count":1,"href":"https:\/\/energycare.uk\/index.php\/wp-json\/wp\/v2\/pages\/1085\/revisions"}],"predecessor-version":[{"id":1086,"href":"https:\/\/energycare.uk\/index.php\/wp-json\/wp\/v2\/pages\/1085\/revisions\/1086"}],"wp:attachment":[{"href":"https:\/\/energycare.uk\/index.php\/wp-json\/wp\/v2\/media?parent=1085"}],"curies":[{"name":"wp","href":"https:\/\/api.w.org\/{rel}","templated":true}]}}